{"id":97,"date":"2019-08-01T14:57:21","date_gmt":"2019-08-01T14:57:21","guid":{"rendered":"https:\/\/www.goldbar.com.uy\/site\/?page_id=97"},"modified":"2020-08-14T22:58:45","modified_gmt":"2020-08-14T22:58:45","slug":"goldbar-empresa-2","status":"publish","type":"page","link":"https:\/\/www.goldbar.com.uy\/site\/goldbar-empresa-2\/","title":{"rendered":"Nuestra Empresa"},"content":{"rendered":"\n<p>Somos una empresa l\u00edder en Uruguay dedicada al dise\u00f1o y construcci\u00f3n de viviendas de alta Eficiencia Energ\u00e9tica.<\/p>\n\n\n\n<p>Utilizando la Tecnolog\u00eda EPS desarrollamos conjuntos habitacionales de una insuperable prestacion de confort y eficiencia energ\u00e9tica.<\/p>\n\n\n\n<p>Nuestro Sistema de Gestion Integral nos permite cumplir con las mas altas exigencias de Calidad, Seguridad e Higiene Salud Laboral y cuidado del Medio Ambiente.<\/p>\n","protected":false},"excerpt":{"rendered":"<p>Somos una empresa l\u00edder en Uruguay dedicada al dise\u00f1o y construcci\u00f3n de viviendas de alta Eficiencia Energ\u00e9tica. Utilizando la Tecnolog\u00eda &hellip; <\/p>\n","protected":false},"author":1,"featured_media":0,"parent":0,"menu_order":0,"comment_status":"closed","ping_status":"closed","template":"","meta":{"footnotes":""},"class_list":["post-97","page","type-page","status-publish","hentry"],"_links":{"self":[{"href":"https:\/\/www.goldbar.com.uy\/site\/wp-json\/wp\/v2\/pages\/97","targetHints":{"allow":["GET"]}}],"collection":[{"href":"https:\/\/www.goldbar.com.uy\/site\/wp-json\/wp\/v2\/pages"}],"about":[{"href":"https:\/\/www.goldbar.com.uy\/site\/wp-json\/wp\/v2\/types\/page"}],"author":[{"embeddable":true,"href":"https:\/\/www.goldbar.com.uy\/site\/wp-json\/wp\/v2\/users\/1"}],"replies":[{"embeddable":true,"href":"https:\/\/www.goldbar.com.uy\/site\/wp-json\/wp\/v2\/comments?post=97"}],"version-history":[{"count":9,"href":"https:\/\/www.goldbar.com.uy\/site\/wp-json\/wp\/v2\/pages\/97\/revisions"}],"predecessor-version":[{"id":593,"href":"https:\/\/www.goldbar.com.uy\/site\/wp-json\/wp\/v2\/pages\/97\/revisions\/593"}],"wp:attachment":[{"href":"https:\/\/www.goldbar.com.uy\/site\/wp-json\/wp\/v2\/media?parent=97"}],"curies":[{"name":"wp","href":"https:\/\/api.w.org\/{rel}","templated":true}]}}