{"id":806,"date":"2020-11-17T12:31:07","date_gmt":"2020-11-17T12:31:07","guid":{"rendered":"https:\/\/www.goldbar.com.uy\/site\/?page_id=806"},"modified":"2025-01-23T13:18:53","modified_gmt":"2025-01-23T13:18:53","slug":"iso-9001-2015-2","status":"publish","type":"page","link":"https:\/\/www.goldbar.com.uy\/site\/cerificaciones\/iso-9001-2015-2\/","title":{"rendered":"ISO 14001\/2015"},"content":{"rendered":"\t\t<div data-elementor-type=\"wp-page\" data-elementor-id=\"806\" class=\"elementor elementor-806\">\n\t\t\t\t\t\t<section class=\"elementor-section elementor-top-section elementor-element elementor-element-f3049df elementor-section-boxed elementor-section-height-default elementor-section-height-default\" data-id=\"f3049df\" data-element_type=\"section\">\n\t\t\t\t\t\t<div class=\"elementor-container elementor-column-gap-default\">\n\t\t\t\t\t<div class=\"elementor-column elementor-col-100 elementor-top-column elementor-element elementor-element-7ced78c\" data-id=\"7ced78c\" data-element_type=\"column\" data-settings=\"{&quot;background_background&quot;:&quot;classic&quot;}\">\n\t\t\t<div class=\"elementor-widget-wrap elementor-element-populated\">\n\t\t\t\t\t\t<div class=\"elementor-element elementor-element-832de5e elementor-widget elementor-widget-heading\" data-id=\"832de5e\" data-element_type=\"widget\" data-widget_type=\"heading.default\">\n\t\t\t\t<div class=\"elementor-widget-container\">\n\t\t\t\t\t<h3 class=\"elementor-heading-title elementor-size-medium\"><b>CERTIFICACIONES ISO<\/b><\/h3>\t\t\t\t<\/div>\n\t\t\t\t<\/div>\n\t\t\t\t<div class=\"elementor-element elementor-element-a94ec23 elementor-widget__width-inherit elementor-widget elementor-widget-heading\" data-id=\"a94ec23\" data-element_type=\"widget\" data-widget_type=\"heading.default\">\n\t\t\t\t<div class=\"elementor-widget-container\">\n\t\t\t\t\t<h5 class=\"elementor-heading-title elementor-size-small\">Estamos certificados por QMS (Quality Managment Systems) en las normas ISO de Calidad, Medioambiente, Salud y Seguridad en el Trabajo, para el alcance de Dise\u00f1o, Desarrollo, Direcci\u00f3n, Construcci\u00f3n y Comercializaci\u00f3n de Proyectos Inmobiliarios en el Territorio de Uruguay.<\/h5>\t\t\t\t<\/div>\n\t\t\t\t<\/div>\n\t\t\t\t\t<\/div>\n\t\t<\/div>\n\t\t\t\t\t<\/div>\n\t\t<\/section>\n\t\t\t\t<section class=\"elementor-section elementor-top-section elementor-element elementor-element-af5d175 elementor-section-boxed elementor-section-height-default elementor-section-height-default\" data-id=\"af5d175\" data-element_type=\"section\">\n\t\t\t\t\t\t<div class=\"elementor-container elementor-column-gap-default\">\n\t\t\t\t\t<div class=\"elementor-column elementor-col-100 elementor-top-column elementor-element elementor-element-b2872e8\" data-id=\"b2872e8\" data-element_type=\"column\">\n\t\t\t<div class=\"elementor-widget-wrap elementor-element-populated\">\n\t\t\t\t\t\t<div class=\"elementor-element elementor-element-77ddef6 elementor-widget elementor-widget-spacer\" data-id=\"77ddef6\" data-element_type=\"widget\" data-widget_type=\"spacer.default\">\n\t\t\t\t<div class=\"elementor-widget-container\">\n\t\t\t\t\t\t\t<div class=\"elementor-spacer\">\n\t\t\t<div class=\"elementor-spacer-inner\"><\/div>\n\t\t<\/div>\n\t\t\t\t\t\t<\/div>\n\t\t\t\t<\/div>\n\t\t\t\t\t<\/div>\n\t\t<\/div>\n\t\t\t\t\t<\/div>\n\t\t<\/section>\n\t\t\t\t<section class=\"elementor-section elementor-top-section elementor-element elementor-element-b0eb572 elementor-section-boxed elementor-section-height-default elementor-section-height-default\" data-id=\"b0eb572\" data-element_type=\"section\">\n\t\t\t\t\t\t<div class=\"elementor-container elementor-column-gap-default\">\n\t\t\t\t\t<div class=\"elementor-column elementor-col-33 elementor-top-column elementor-element elementor-element-0f643d6\" data-id=\"0f643d6\" data-element_type=\"column\">\n\t\t\t<div class=\"elementor-widget-wrap elementor-element-populated\">\n\t\t\t\t\t\t<div class=\"elementor-element elementor-element-8a38e15 elementor-widget elementor-widget-image\" data-id=\"8a38e15\" data-element_type=\"widget\" data-widget_type=\"image.default\">\n\t\t\t\t<div class=\"elementor-widget-container\">\n\t\t\t\t\t\t\t\t\t\t\t\t\t\t\t<img decoding=\"async\" width=\"120\" height=\"71\" src=\"https:\/\/www.goldbar.com.uy\/site\/wp-content\/uploads\/2020\/11\/ARG5161-SELLO-ISO-14001-b.png\" class=\"attachment-large size-large wp-image-707\" alt=\"\" \/>\t\t\t\t\t\t\t\t\t\t\t\t\t\t\t<\/div>\n\t\t\t\t<\/div>\n\t\t\t\t\t<\/div>\n\t\t<\/div>\n\t\t\t\t<div class=\"elementor-column elementor-col-66 elementor-top-column elementor-element elementor-element-9ede57f\" data-id=\"9ede57f\" data-element_type=\"column\">\n\t\t\t<div class=\"elementor-widget-wrap elementor-element-populated\">\n\t\t\t\t\t\t<div class=\"elementor-element elementor-element-3ff4c86 elementor-widget elementor-widget-text-editor\" data-id=\"3ff4c86\" data-element_type=\"widget\" data-widget_type=\"text-editor.default\">\n\t\t\t\t<div class=\"elementor-widget-container\">\n\t\t\t\t\t\t\t\t\t<p>Es una norma internacional que regula el sistema de gesti\u00f3n ambiental empleado para poder definir objetivos ambientales y para demostrar mediante el control, los impactos significativos de nuestras actividades, productos y servicios sobre el medio ambiente.<\/p>\t\t\t\t\t\t\t\t<\/div>\n\t\t\t\t<\/div>\n\t\t\t\t\t<\/div>\n\t\t<\/div>\n\t\t\t\t\t<\/div>\n\t\t<\/section>\n\t\t\t\t<section class=\"elementor-section elementor-top-section elementor-element elementor-element-62f7eae elementor-section-boxed elementor-section-height-default elementor-section-height-default\" data-id=\"62f7eae\" data-element_type=\"section\">\n\t\t\t\t\t\t<div class=\"elementor-container elementor-column-gap-default\">\n\t\t\t\t\t<div class=\"elementor-column elementor-col-100 elementor-top-column elementor-element elementor-element-c08d827\" data-id=\"c08d827\" data-element_type=\"column\">\n\t\t\t<div class=\"elementor-widget-wrap elementor-element-populated\">\n\t\t\t\t\t\t<div class=\"elementor-element elementor-element-6775c7b elementor-invisible elementor-widget elementor-widget-image\" data-id=\"6775c7b\" data-element_type=\"widget\" data-settings=\"{&quot;_animation&quot;:&quot;fadeInLeft&quot;}\" data-widget_type=\"image.default\">\n\t\t\t\t<div class=\"elementor-widget-container\">\n\t\t\t\t\t\t\t\t\t\t\t\t\t\t\t<img fetchpriority=\"high\" decoding=\"async\" width=\"718\" height=\"1024\" src=\"https:\/\/www.goldbar.com.uy\/site\/wp-content\/uploads\/2020\/11\/Certificado-14001-718x1024.png\" class=\"attachment-large size-large wp-image-713\" alt=\"\" srcset=\"https:\/\/www.goldbar.com.uy\/site\/wp-content\/uploads\/2020\/11\/Certificado-14001-718x1024.png 718w, https:\/\/www.goldbar.com.uy\/site\/wp-content\/uploads\/2020\/11\/Certificado-14001-210x300.png 210w, https:\/\/www.goldbar.com.uy\/site\/wp-content\/uploads\/2020\/11\/Certificado-14001-768x1095.png 768w, https:\/\/www.goldbar.com.uy\/site\/wp-content\/uploads\/2020\/11\/Certificado-14001.png 800w\" sizes=\"(max-width: 718px) 100vw, 718px\" \/>\t\t\t\t\t\t\t\t\t\t\t\t\t\t\t<\/div>\n\t\t\t\t<\/div>\n\t\t\t\t\t<\/div>\n\t\t<\/div>\n\t\t\t\t\t<\/div>\n\t\t<\/section>\n\t\t\t\t<section class=\"elementor-section elementor-top-section elementor-element elementor-element-c2f3bb6 elementor-section-boxed elementor-section-height-default elementor-section-height-default\" data-id=\"c2f3bb6\" data-element_type=\"section\">\n\t\t\t\t\t\t<div class=\"elementor-container elementor-column-gap-default\">\n\t\t\t\t\t<div class=\"elementor-column elementor-col-100 elementor-top-column elementor-element elementor-element-8e693c6\" data-id=\"8e693c6\" data-element_type=\"column\">\n\t\t\t<div class=\"elementor-widget-wrap elementor-element-populated\">\n\t\t\t\t\t\t<div class=\"elementor-element elementor-element-4479457 elementor-widget elementor-widget-html\" data-id=\"4479457\" data-element_type=\"widget\" data-widget_type=\"html.default\">\n\t\t\t\t<div class=\"elementor-widget-container\">\n\t\t\t\t\t<iframe src=\"https:\/\/www.goldbar.com.uy\/site\/menuiso.html\" width=\"100px\" marginwidth=\"0\" height=\"95px\" marginheight=\"0\" scrolling=\"no\" frameborder=\"0\"><\/iframe>\t\t\t\t<\/div>\n\t\t\t\t<\/div>\n\t\t\t\t\t<\/div>\n\t\t<\/div>\n\t\t\t\t\t<\/div>\n\t\t<\/section>\n\t\t\t\t<\/div>\n\t\t","protected":false},"excerpt":{"rendered":"<p>CERTIFICACIONES ISO Estamos certificados por QMS (Quality Managment Systems) en las normas ISO de Calidad, Medioambiente, Salud y Seguridad en &hellip; <\/p>\n","protected":false},"author":1,"featured_media":0,"parent":323,"menu_order":0,"comment_status":"closed","ping_status":"closed","template":"","meta":{"footnotes":""},"class_list":["post-806","page","type-page","status-publish","hentry"],"_links":{"self":[{"href":"https:\/\/www.goldbar.com.uy\/site\/wp-json\/wp\/v2\/pages\/806","targetHints":{"allow":["GET"]}}],"collection":[{"href":"https:\/\/www.goldbar.com.uy\/site\/wp-json\/wp\/v2\/pages"}],"about":[{"href":"https:\/\/www.goldbar.com.uy\/site\/wp-json\/wp\/v2\/types\/page"}],"author":[{"embeddable":true,"href":"https:\/\/www.goldbar.com.uy\/site\/wp-json\/wp\/v2\/users\/1"}],"replies":[{"embeddable":true,"href":"https:\/\/www.goldbar.com.uy\/site\/wp-json\/wp\/v2\/comments?post=806"}],"version-history":[{"count":19,"href":"https:\/\/www.goldbar.com.uy\/site\/wp-json\/wp\/v2\/pages\/806\/revisions"}],"predecessor-version":[{"id":956,"href":"https:\/\/www.goldbar.com.uy\/site\/wp-json\/wp\/v2\/pages\/806\/revisions\/956"}],"up":[{"embeddable":true,"href":"https:\/\/www.goldbar.com.uy\/site\/wp-json\/wp\/v2\/pages\/323"}],"wp:attachment":[{"href":"https:\/\/www.goldbar.com.uy\/site\/wp-json\/wp\/v2\/media?parent=806"}],"curies":[{"name":"wp","href":"https:\/\/api.w.org\/{rel}","templated":true}]}}