{"id":796,"date":"2020-11-17T12:27:41","date_gmt":"2020-11-17T12:27:41","guid":{"rendered":"https:\/\/www.goldbar.com.uy\/site\/?page_id=796"},"modified":"2025-01-23T13:17:51","modified_gmt":"2025-01-23T13:17:51","slug":"iso-9001-2015","status":"publish","type":"page","link":"https:\/\/www.goldbar.com.uy\/site\/cerificaciones\/iso-9001-2015\/","title":{"rendered":"ISO 9001\/2015"},"content":{"rendered":"\t\t<div data-elementor-type=\"wp-page\" data-elementor-id=\"796\" class=\"elementor elementor-796\">\n\t\t\t\t\t\t<section class=\"elementor-section elementor-top-section elementor-element elementor-element-f3049df elementor-section-boxed elementor-section-height-default elementor-section-height-default\" data-id=\"f3049df\" data-element_type=\"section\">\n\t\t\t\t\t\t<div class=\"elementor-container elementor-column-gap-default\">\n\t\t\t\t\t<div class=\"elementor-column elementor-col-100 elementor-top-column elementor-element elementor-element-7ced78c\" data-id=\"7ced78c\" data-element_type=\"column\" data-settings=\"{&quot;background_background&quot;:&quot;classic&quot;}\">\n\t\t\t<div class=\"elementor-widget-wrap elementor-element-populated\">\n\t\t\t\t\t\t<div class=\"elementor-element elementor-element-832de5e elementor-widget elementor-widget-heading\" data-id=\"832de5e\" data-element_type=\"widget\" data-widget_type=\"heading.default\">\n\t\t\t\t<div class=\"elementor-widget-container\">\n\t\t\t\t\t<h3 class=\"elementor-heading-title elementor-size-medium\"><b>CERTIFICACIONES ISO<\/b><\/h3>\t\t\t\t<\/div>\n\t\t\t\t<\/div>\n\t\t\t\t<div class=\"elementor-element elementor-element-a94ec23 elementor-widget__width-inherit elementor-widget elementor-widget-heading\" data-id=\"a94ec23\" data-element_type=\"widget\" data-widget_type=\"heading.default\">\n\t\t\t\t<div class=\"elementor-widget-container\">\n\t\t\t\t\t<h5 class=\"elementor-heading-title elementor-size-small\">Estamos certificados por QMS (Quality Managment Systems) en las normas ISO de Calidad, Medioambiente, Salud y Seguridad en el Trabajo, para el alcance de Dise\u00f1o, Desarrollo, Direcci\u00f3n, Construcci\u00f3n y Comercializaci\u00f3n de Proyectos Inmobiliarios en el Territorio de Uruguay.<br><br><\/h5>\t\t\t\t<\/div>\n\t\t\t\t<\/div>\n\t\t\t\t\t<\/div>\n\t\t<\/div>\n\t\t\t\t\t<\/div>\n\t\t<\/section>\n\t\t\t\t<section class=\"elementor-section elementor-top-section elementor-element elementor-element-247fe27 elementor-section-boxed elementor-section-height-default elementor-section-height-default\" data-id=\"247fe27\" data-element_type=\"section\">\n\t\t\t\t\t\t<div class=\"elementor-container elementor-column-gap-default\">\n\t\t\t\t\t<div class=\"elementor-column elementor-col-100 elementor-top-column elementor-element elementor-element-0df099c\" data-id=\"0df099c\" data-element_type=\"column\">\n\t\t\t<div class=\"elementor-widget-wrap elementor-element-populated\">\n\t\t\t\t\t\t<div class=\"elementor-element elementor-element-211f3a6 elementor-widget elementor-widget-spacer\" data-id=\"211f3a6\" data-element_type=\"widget\" data-widget_type=\"spacer.default\">\n\t\t\t\t<div class=\"elementor-widget-container\">\n\t\t\t\t\t\t\t<div class=\"elementor-spacer\">\n\t\t\t<div class=\"elementor-spacer-inner\"><\/div>\n\t\t<\/div>\n\t\t\t\t\t\t<\/div>\n\t\t\t\t<\/div>\n\t\t\t\t\t<\/div>\n\t\t<\/div>\n\t\t\t\t\t<\/div>\n\t\t<\/section>\n\t\t\t\t<section class=\"elementor-section elementor-top-section elementor-element elementor-element-8f05725 elementor-section-boxed elementor-section-height-default elementor-section-height-default\" data-id=\"8f05725\" data-element_type=\"section\">\n\t\t\t\t\t\t<div class=\"elementor-container elementor-column-gap-default\">\n\t\t\t\t\t<div class=\"elementor-column elementor-col-33 elementor-top-column elementor-element elementor-element-f08b4bd\" data-id=\"f08b4bd\" data-element_type=\"column\">\n\t\t\t<div class=\"elementor-widget-wrap elementor-element-populated\">\n\t\t\t\t\t\t<div class=\"elementor-element elementor-element-1b3199a elementor-widget elementor-widget-image\" data-id=\"1b3199a\" data-element_type=\"widget\" data-widget_type=\"image.default\">\n\t\t\t\t<div class=\"elementor-widget-container\">\n\t\t\t\t\t\t\t\t\t\t\t\t\t\t\t<img decoding=\"async\" src=\"https:\/\/www.goldbar.com.uy\/site\/wp-content\/uploads\/2020\/11\/ARG5160-SELLO-ISO-9001-c.png\" title=\"\" alt=\"\" loading=\"lazy\" \/>\t\t\t\t\t\t\t\t\t\t\t\t\t\t\t<\/div>\n\t\t\t\t<\/div>\n\t\t\t\t\t<\/div>\n\t\t<\/div>\n\t\t\t\t<div class=\"elementor-column elementor-col-66 elementor-top-column elementor-element elementor-element-58fb46f\" data-id=\"58fb46f\" data-element_type=\"column\">\n\t\t\t<div class=\"elementor-widget-wrap elementor-element-populated\">\n\t\t\t\t\t\t<div class=\"elementor-element elementor-element-307c200 elementor-widget elementor-widget-text-editor\" data-id=\"307c200\" data-element_type=\"widget\" data-widget_type=\"text-editor.default\">\n\t\t\t\t<div class=\"elementor-widget-container\">\n\t\t\t\t\t\t\t\t\t<p>Es una norma internacional para regular el sistema de gesti\u00f3n y el gerenciamiento de sistemas de calidad, promoviendo la mejora continua dentro de los procesos como el de documentaci\u00f3n, comunicaci\u00f3n interna, la satisfacci\u00f3n de clientes, ventajas competitivas y participaci\u00f3n del mercado.<\/p>\t\t\t\t\t\t\t\t<\/div>\n\t\t\t\t<\/div>\n\t\t\t\t\t<\/div>\n\t\t<\/div>\n\t\t\t\t\t<\/div>\n\t\t<\/section>\n\t\t\t\t<section class=\"elementor-section elementor-top-section elementor-element elementor-element-0f287d5 elementor-section-boxed elementor-section-height-default elementor-section-height-default\" data-id=\"0f287d5\" data-element_type=\"section\">\n\t\t\t\t\t\t<div class=\"elementor-container elementor-column-gap-default\">\n\t\t\t\t\t<div class=\"elementor-column elementor-col-100 elementor-top-column elementor-element elementor-element-a5c4206\" data-id=\"a5c4206\" data-element_type=\"column\">\n\t\t\t<div class=\"elementor-widget-wrap elementor-element-populated\">\n\t\t\t\t\t\t<div class=\"elementor-element elementor-element-e521843 elementor-invisible elementor-widget elementor-widget-image\" data-id=\"e521843\" data-element_type=\"widget\" data-settings=\"{&quot;_animation&quot;:&quot;fadeInUp&quot;}\" data-widget_type=\"image.default\">\n\t\t\t\t<div class=\"elementor-widget-container\">\n\t\t\t\t\t\t\t\t\t\t\t\t\t\t\t<img fetchpriority=\"high\" decoding=\"async\" width=\"729\" height=\"1024\" src=\"https:\/\/www.goldbar.com.uy\/site\/wp-content\/uploads\/2020\/11\/Certificdo-9001-729x1024.png\" class=\"attachment-large size-large wp-image-715\" alt=\"\" srcset=\"https:\/\/www.goldbar.com.uy\/site\/wp-content\/uploads\/2020\/11\/Certificdo-9001-729x1024.png 729w, https:\/\/www.goldbar.com.uy\/site\/wp-content\/uploads\/2020\/11\/Certificdo-9001-214x300.png 214w, https:\/\/www.goldbar.com.uy\/site\/wp-content\/uploads\/2020\/11\/Certificdo-9001-768x1079.png 768w, https:\/\/www.goldbar.com.uy\/site\/wp-content\/uploads\/2020\/11\/Certificdo-9001.png 800w\" sizes=\"(max-width: 729px) 100vw, 729px\" \/>\t\t\t\t\t\t\t\t\t\t\t\t\t\t\t<\/div>\n\t\t\t\t<\/div>\n\t\t\t\t\t<\/div>\n\t\t<\/div>\n\t\t\t\t\t<\/div>\n\t\t<\/section>\n\t\t\t\t<section class=\"elementor-section elementor-top-section elementor-element elementor-element-454205a elementor-section-boxed elementor-section-height-default elementor-section-height-default\" data-id=\"454205a\" data-element_type=\"section\">\n\t\t\t\t\t\t<div class=\"elementor-container elementor-column-gap-default\">\n\t\t\t\t\t<div class=\"elementor-column elementor-col-100 elementor-top-column elementor-element elementor-element-a38c8f0\" data-id=\"a38c8f0\" data-element_type=\"column\">\n\t\t\t<div class=\"elementor-widget-wrap elementor-element-populated\">\n\t\t\t\t\t\t<div class=\"elementor-element elementor-element-e8b341e elementor-widget elementor-widget-html\" data-id=\"e8b341e\" data-element_type=\"widget\" data-widget_type=\"html.default\">\n\t\t\t\t<div class=\"elementor-widget-container\">\n\t\t\t\t\t<iframe src=\"https:\/\/www.goldbar.com.uy\/site\/menuiso.html\" width=\"100px\" marginwidth=\"0\" height=\"95px\" marginheight=\"0\" scrolling=\"no\" frameborder=\"0\"><\/iframe>\t\t\t\t<\/div>\n\t\t\t\t<\/div>\n\t\t\t\t\t<\/div>\n\t\t<\/div>\n\t\t\t\t\t<\/div>\n\t\t<\/section>\n\t\t\t\t<\/div>\n\t\t","protected":false},"excerpt":{"rendered":"<p>CERTIFICACIONES ISO Estamos certificados por QMS (Quality Managment Systems) en las normas ISO de Calidad, Medioambiente, Salud y Seguridad en &hellip; <\/p>\n","protected":false},"author":1,"featured_media":0,"parent":323,"menu_order":0,"comment_status":"closed","ping_status":"closed","template":"","meta":{"footnotes":""},"class_list":["post-796","page","type-page","status-publish","hentry"],"_links":{"self":[{"href":"https:\/\/www.goldbar.com.uy\/site\/wp-json\/wp\/v2\/pages\/796","targetHints":{"allow":["GET"]}}],"collection":[{"href":"https:\/\/www.goldbar.com.uy\/site\/wp-json\/wp\/v2\/pages"}],"about":[{"href":"https:\/\/www.goldbar.com.uy\/site\/wp-json\/wp\/v2\/types\/page"}],"author":[{"embeddable":true,"href":"https:\/\/www.goldbar.com.uy\/site\/wp-json\/wp\/v2\/users\/1"}],"replies":[{"embeddable":true,"href":"https:\/\/www.goldbar.com.uy\/site\/wp-json\/wp\/v2\/comments?post=796"}],"version-history":[{"count":26,"href":"https:\/\/www.goldbar.com.uy\/site\/wp-json\/wp\/v2\/pages\/796\/revisions"}],"predecessor-version":[{"id":953,"href":"https:\/\/www.goldbar.com.uy\/site\/wp-json\/wp\/v2\/pages\/796\/revisions\/953"}],"up":[{"embeddable":true,"href":"https:\/\/www.goldbar.com.uy\/site\/wp-json\/wp\/v2\/pages\/323"}],"wp:attachment":[{"href":"https:\/\/www.goldbar.com.uy\/site\/wp-json\/wp\/v2\/media?parent=796"}],"curies":[{"name":"wp","href":"https:\/\/api.w.org\/{rel}","templated":true}]}}