{"id":530,"date":"2019-09-17T23:39:51","date_gmt":"2019-09-17T23:39:51","guid":{"rendered":"https:\/\/www.goldbar.com.uy\/site\/?page_id=530"},"modified":"2019-09-17T23:39:52","modified_gmt":"2019-09-17T23:39:52","slug":"barrio-tipo","status":"publish","type":"page","link":"https:\/\/www.goldbar.com.uy\/site\/goldbar-empresa-2\/proyectos\/barrio-tipo\/","title":{"rendered":"Barrio Tipo"},"content":{"rendered":"\n<p class=\"has-medium-font-size\"><strong>Presentaci\u00f3n  Barrio Tipo &#8211;<\/strong> Durazno Uruguay<\/p>\n\n\n\n<p style=\"text-align:left\">Insertado en medio de la naturaleza y a 5 minutos del centro c\u00edvico y comercial Goldbar tiene en estudio un barrio de caracter\u00edsticas inigualables en la ciudad. Con tipolog\u00edas diversas, de dise\u00f1o propio, podemos atender a los mas exigentes requerimientos y los mas complejos planes de necesidades. <\/p>\n\n\n\n<iframe src=\"https:\/\/www.youtube.com\/embed\/GBJkRIfZDTo\" allow=\"accelerometer; autoplay; ; gyroscope; picture-in-picture\" allowfullscreen=\"\" width=\"100%\" height=\"500px\" frameborder=\"0\"><\/iframe>\n\n\n<p><!--EndFragment--><br>\n<br>\n<\/p>","protected":false},"excerpt":{"rendered":"<p>Presentaci\u00f3n Barrio Tipo &#8211; Durazno Uruguay Insertado en medio de la naturaleza y a 5 minutos del centro c\u00edvico y &hellip; <\/p>\n","protected":false},"author":1,"featured_media":0,"parent":435,"menu_order":3,"comment_status":"closed","ping_status":"closed","template":"","meta":{"footnotes":""},"class_list":["post-530","page","type-page","status-publish","hentry"],"_links":{"self":[{"href":"https:\/\/www.goldbar.com.uy\/site\/wp-json\/wp\/v2\/pages\/530","targetHints":{"allow":["GET"]}}],"collection":[{"href":"https:\/\/www.goldbar.com.uy\/site\/wp-json\/wp\/v2\/pages"}],"about":[{"href":"https:\/\/www.goldbar.com.uy\/site\/wp-json\/wp\/v2\/types\/page"}],"author":[{"embeddable":true,"href":"https:\/\/www.goldbar.com.uy\/site\/wp-json\/wp\/v2\/users\/1"}],"replies":[{"embeddable":true,"href":"https:\/\/www.goldbar.com.uy\/site\/wp-json\/wp\/v2\/comments?post=530"}],"version-history":[{"count":1,"href":"https:\/\/www.goldbar.com.uy\/site\/wp-json\/wp\/v2\/pages\/530\/revisions"}],"predecessor-version":[{"id":532,"href":"https:\/\/www.goldbar.com.uy\/site\/wp-json\/wp\/v2\/pages\/530\/revisions\/532"}],"up":[{"embeddable":true,"href":"https:\/\/www.goldbar.com.uy\/site\/wp-json\/wp\/v2\/pages\/435"}],"wp:attachment":[{"href":"https:\/\/www.goldbar.com.uy\/site\/wp-json\/wp\/v2\/media?parent=530"}],"curies":[{"name":"wp","href":"https:\/\/api.w.org\/{rel}","templated":true}]}}