{"id":435,"date":"2019-09-16T16:50:16","date_gmt":"2019-09-16T16:50:16","guid":{"rendered":"https:\/\/www.goldbar.com.uy\/site\/?page_id=435"},"modified":"2019-09-16T17:53:23","modified_gmt":"2019-09-16T17:53:23","slug":"proyectos","status":"publish","type":"page","link":"https:\/\/www.goldbar.com.uy\/site\/goldbar-empresa-2\/proyectos\/","title":{"rendered":"Proyectos"},"content":{"rendered":"\n<p>DU Salaberry se ubica en la esquina de la Av. Martin\nSalaberry y la calle Batalla de las Piedras en Durazno. La calle Batalla de las\nPiedras se encuentra en una zona consolidada de uso residencial, de buena\ncalidad.<\/p>\n\n\n\n<p>DU Salaberry es un edificio residencial compacto, de 10 unidades de\nvivienda, a ser promovido dentro del programa de Vivienda de Inter\u00e9s Social.<\/p>\n\n\n\n<p>El sistema constructivo adoptado es el de bloques ICF\ncon interior de hormig\u00f3n armado y losas pre-moldeadas con n\u00facleo de EPS, por su\nalta eficiencia t\u00e9rmica y consiguiente reducci\u00f3n en el consumo energ\u00e9tico.<\/p>\n\n\n\n<p>DU Salaberry tiene el potencial de transformar esta esquina prominente en\nun nuevo lugar de residencia, deseable y elegante, de alta calidad\nconstructiva.<\/p>\n","protected":false},"excerpt":{"rendered":"<p>DU Salaberry se ubica en la esquina de la Av. Martin Salaberry y la calle Batalla de las Piedras en &hellip; <\/p>\n","protected":false},"author":1,"featured_media":0,"parent":97,"menu_order":3,"comment_status":"closed","ping_status":"closed","template":"","meta":{"footnotes":""},"class_list":["post-435","page","type-page","status-publish","hentry"],"_links":{"self":[{"href":"https:\/\/www.goldbar.com.uy\/site\/wp-json\/wp\/v2\/pages\/435","targetHints":{"allow":["GET"]}}],"collection":[{"href":"https:\/\/www.goldbar.com.uy\/site\/wp-json\/wp\/v2\/pages"}],"about":[{"href":"https:\/\/www.goldbar.com.uy\/site\/wp-json\/wp\/v2\/types\/page"}],"author":[{"embeddable":true,"href":"https:\/\/www.goldbar.com.uy\/site\/wp-json\/wp\/v2\/users\/1"}],"replies":[{"embeddable":true,"href":"https:\/\/www.goldbar.com.uy\/site\/wp-json\/wp\/v2\/comments?post=435"}],"version-history":[{"count":3,"href":"https:\/\/www.goldbar.com.uy\/site\/wp-json\/wp\/v2\/pages\/435\/revisions"}],"predecessor-version":[{"id":454,"href":"https:\/\/www.goldbar.com.uy\/site\/wp-json\/wp\/v2\/pages\/435\/revisions\/454"}],"up":[{"embeddable":true,"href":"https:\/\/www.goldbar.com.uy\/site\/wp-json\/wp\/v2\/pages\/97"}],"wp:attachment":[{"href":"https:\/\/www.goldbar.com.uy\/site\/wp-json\/wp\/v2\/media?parent=435"}],"curies":[{"name":"wp","href":"https:\/\/api.w.org\/{rel}","templated":true}]}}